{"id":80,"date":"2020-10-24T17:57:26","date_gmt":"2020-10-24T23:57:26","guid":{"rendered":"https:\/\/flashburguer.com.mx\/store\/?post_type=product&#038;p=80"},"modified":"2024-12-15T10:14:44","modified_gmt":"2024-12-15T17:14:44","slug":"hamburguesa-junior-de-flash-burguer","status":"publish","type":"product","link":"https:\/\/flashburguer.com.mx\/store\/index.php\/producto\/hamburguesa-junior-de-flash-burguer\/","title":{"rendered":"Hamburguesa Junior de Flash Burguer"},"content":{"rendered":"<p data-sourcepos=\"3:1-3:62\"><strong>\u00a1La Hamburguesa Junior de Flash Burguer perfecta para los m\u00e1s peque\u00f1os de la casa!<\/strong><\/p>\n<p data-sourcepos=\"5:1-5:146\"><strong>La Hamburguesa Junior de Flash Burguer es la opci\u00f3n ideal para los ni\u00f1os que buscan una hamburguesa deliciosa y del tama\u00f1o adecuado para ellos.<\/strong><\/p>\n<p data-sourcepos=\"7:1-7:151\"><strong>Con una patty de carne 100% Angus, queso cheddar derretido, lechuga fresca y tomate, la Hamburguesa Junior es una hamburguesa simple pero sabrosa que a los ni\u00f1os les encantar\u00e1.<\/strong><\/p>\n<p data-sourcepos=\"9:1-9:94\"><strong>Adem\u00e1s, viene en un pan suave y esponjoso que es f\u00e1cil de manejar para las manos peque\u00f1as.<\/strong><\/p>\n<p data-sourcepos=\"11:1-11:23\"><strong>La Hamburguesa Junior de Flashburguer es la comida perfecta para los ni\u00f1os en cualquier ocasi\u00f3n.<\/strong><\/p>\n<p data-sourcepos=\"5:1-5:31\">Disfrutala con tu\u00a0<a href=\"https:\/\/flashburguer.com.mx\/store\/index.php\/product-category\/bebidas\/\">bebida<\/a>\u00a0favorita, agrega al carrito la de tu preferencia.<\/p>\n<p data-sourcepos=\"5:1-5:31\">Y no olvides regalarnos una rese\u00f1a en\u00a0<a href=\"https:\/\/g.page\/r\/CSf82tLynCuHEB0\/review\">google<\/a>.<\/p>\n","protected":false},"excerpt":{"rendered":"<p data-sourcepos=\"3:1-3:62\"><strong>\u00a1La hamburguesa perfecta para los m\u00e1s peque\u00f1os de la casa!<\/strong><\/p>\n<p data-sourcepos=\"5:1-5:146\"><strong>La Hamburguesa Junior de Flashburguer es la opci\u00f3n ideal para los ni\u00f1os que buscan una hamburguesa deliciosa y del tama\u00f1o adecuado para ellos.<\/strong><\/p>\n","protected":false},"featured_media":3022,"template":"","meta":{"_joinchat":[]},"product_cat":[21],"product_tag":[35,19,55,53,33,57,54,56,34],"class_list":{"0":"post-80","1":"product","2":"type-product","3":"status-publish","4":"has-post-thumbnail","6":"product_cat-hamburguesas","7":"product_tag-flash-burger","8":"product_tag-flash-burguer","9":"product_tag-hamburguesas-a-domicilio-cerca-de-mi","10":"product_tag-hamburguesas-a-domicilio-los-mochis","11":"product_tag-hamburguesas-en-los-mochis-sinaloa","12":"product_tag-hamburguesas-flash-burger-javier-mina","13":"product_tag-hamburguesas-la-choza-los-mochis","14":"product_tag-hamburguesas-la-esquina-los-mochis","15":"product_tag-promocion-de-hamburguesas","17":"first","18":"instock","19":"shipping-taxable","20":"purchasable","21":"product-type-simple"},"yoast_head":"<!-- This site is optimized with the Yoast SEO plugin v23.1 - https:\/\/yoast.com\/wordpress\/plugins\/seo\/ -->\n<title>Hamburguesa Junior de Flash Burguer<\/title>\n<meta name=\"description\" content=\"\u00a1La hamburguesa perfecta para los m\u00e1s peque\u00f1os de la casa! La Hamburguesa Junior de Flash Burguer es la opci\u00f3n ideal para los ni\u00f1os.\" \/>\n<meta name=\"robots\" content=\"index, follow, max-snippet:-1, max-image-preview:large, max-video-preview:-1\" \/>\n<link rel=\"canonical\" href=\"https:\/\/flashburguer.com.mx\/store\/index.php\/product-category\/hamburguesas\/\" \/>\n<meta property=\"og:locale\" content=\"es_ES\" \/>\n<meta property=\"og:type\" content=\"article\" \/>\n<meta property=\"og:title\" content=\"Hamburguesa Junior de Flash Burguer\" \/>\n<meta property=\"og:description\" content=\"\u00a1La hamburguesa perfecta para los m\u00e1s peque\u00f1os de la casa! La Hamburguesa Junior de Flash Burguer es la opci\u00f3n ideal para los ni\u00f1os.\" \/>\n<meta property=\"og:url\" content=\"https:\/\/flashburguer.com.mx\/store\/index.php\/product-category\/hamburguesas\/\" \/>\n<meta property=\"og:site_name\" content=\"Flash Burguer\" \/>\n<meta property=\"article:publisher\" content=\"https:\/\/www.facebook.com\/flash.burguer\" \/>\n<meta property=\"article:modified_time\" content=\"2024-12-15T17:14:44+00:00\" \/>\n<meta property=\"og:image\" content=\"https:\/\/flashburguer.com.mx\/store\/wp-content\/uploads\/2020\/10\/hamburguesa-junior.jpg\" \/>\n\t<meta property=\"og:image:width\" content=\"1080\" \/>\n\t<meta property=\"og:image:height\" content=\"1080\" \/>\n\t<meta property=\"og:image:type\" content=\"image\/jpeg\" \/>\n<meta name=\"twitter:card\" content=\"summary_large_image\" \/>\n<meta name=\"twitter:label1\" content=\"Tiempo de lectura\" \/>\n\t<meta name=\"twitter:data1\" content=\"1 minuto\" \/>\n<script type=\"application\/ld+json\" class=\"yoast-schema-graph\">{\"@context\":\"https:\/\/schema.org\",\"@graph\":[{\"@type\":\"WebPage\",\"@id\":\"https:\/\/flashburguer.com.mx\/store\/index.php\/producto\/hamburguesa-junior-de-flash-burguer\/\",\"url\":\"https:\/\/flashburguer.com.mx\/store\/index.php\/product-category\/hamburguesas\/\",\"name\":\"Hamburguesa Junior de Flash Burguer\",\"isPartOf\":{\"@id\":\"https:\/\/flashburguer.com.mx\/store\/#website\"},\"primaryImageOfPage\":{\"@id\":\"https:\/\/flashburguer.com.mx\/store\/index.php\/product-category\/hamburguesas\/#primaryimage\"},\"image\":{\"@id\":\"https:\/\/flashburguer.com.mx\/store\/index.php\/product-category\/hamburguesas\/#primaryimage\"},\"thumbnailUrl\":\"https:\/\/flashburguer.com.mx\/store\/wp-content\/uploads\/2020\/10\/hamburguesa-junior.jpg\",\"datePublished\":\"2020-10-24T23:57:26+00:00\",\"dateModified\":\"2024-12-15T17:14:44+00:00\",\"description\":\"\u00a1La hamburguesa perfecta para los m\u00e1s peque\u00f1os de la casa! La Hamburguesa Junior de Flash Burguer es la opci\u00f3n ideal para los ni\u00f1os.\",\"breadcrumb\":{\"@id\":\"https:\/\/flashburguer.com.mx\/store\/index.php\/product-category\/hamburguesas\/#breadcrumb\"},\"inLanguage\":\"es\",\"potentialAction\":[{\"@type\":\"ReadAction\",\"target\":[\"https:\/\/flashburguer.com.mx\/store\/index.php\/product-category\/hamburguesas\/\"]}]},{\"@type\":\"ImageObject\",\"inLanguage\":\"es\",\"@id\":\"https:\/\/flashburguer.com.mx\/store\/index.php\/product-category\/hamburguesas\/#primaryimage\",\"url\":\"https:\/\/flashburguer.com.mx\/store\/wp-content\/uploads\/2020\/10\/hamburguesa-junior.jpg\",\"contentUrl\":\"https:\/\/flashburguer.com.mx\/store\/wp-content\/uploads\/2020\/10\/hamburguesa-junior.jpg\",\"width\":1080,\"height\":1080,\"caption\":\"Hamburguesa Junior de Flash Burguer\"},{\"@type\":\"BreadcrumbList\",\"@id\":\"https:\/\/flashburguer.com.mx\/store\/index.php\/product-category\/hamburguesas\/#breadcrumb\",\"itemListElement\":[{\"@type\":\"ListItem\",\"position\":1,\"name\":\"Home\",\"item\":\"https:\/\/flashburguer.com.mx\/store\/\"},{\"@type\":\"ListItem\",\"position\":2,\"name\":\"Hamburguesas Tortas Alitas y Boneless\",\"item\":\"https:\/\/flashburguer.com.mx\/store\/\"},{\"@type\":\"ListItem\",\"position\":3,\"name\":\"Hamburguesa Junior de Flash Burguer\"}]},{\"@type\":\"WebSite\",\"@id\":\"https:\/\/flashburguer.com.mx\/store\/#website\",\"url\":\"https:\/\/flashburguer.com.mx\/store\/\",\"name\":\"Flash Burger\",\"description\":\"Hamburguesas en Los Mochis Sinaloa\",\"publisher\":{\"@id\":\"https:\/\/flashburguer.com.mx\/store\/#organization\"},\"potentialAction\":[{\"@type\":\"SearchAction\",\"target\":{\"@type\":\"EntryPoint\",\"urlTemplate\":\"https:\/\/flashburguer.com.mx\/store\/?s={search_term_string}\"},\"query-input\":\"required name=search_term_string\"}],\"inLanguage\":\"es\"},{\"@type\":\"Organization\",\"@id\":\"https:\/\/flashburguer.com.mx\/store\/#organization\",\"name\":\"Flashburguer\",\"url\":\"https:\/\/flashburguer.com.mx\/store\/\",\"logo\":{\"@type\":\"ImageObject\",\"inLanguage\":\"es\",\"@id\":\"https:\/\/flashburguer.com.mx\/store\/#\/schema\/logo\/image\/\",\"url\":\"https:\/\/flashburguer.com.mx\/store\/wp-content\/uploads\/2022\/06\/icon-512x512-1.png\",\"contentUrl\":\"https:\/\/flashburguer.com.mx\/store\/wp-content\/uploads\/2022\/06\/icon-512x512-1.png\",\"width\":512,\"height\":512,\"caption\":\"Flashburguer\"},\"image\":{\"@id\":\"https:\/\/flashburguer.com.mx\/store\/#\/schema\/logo\/image\/\"},\"sameAs\":[\"https:\/\/www.facebook.com\/flash.burguer\",\"https:\/\/instagram.com\/flashburguerlm\"]}]}<\/script>\n<!-- \/ Yoast SEO plugin. -->","yoast_head_json":{"title":"Hamburguesa Junior de Flash Burguer","description":"\u00a1La hamburguesa perfecta para los m\u00e1s peque\u00f1os de la casa! La Hamburguesa Junior de Flash Burguer es la opci\u00f3n ideal para los ni\u00f1os.","robots":{"index":"index","follow":"follow","max-snippet":"max-snippet:-1","max-image-preview":"max-image-preview:large","max-video-preview":"max-video-preview:-1"},"canonical":"https:\/\/flashburguer.com.mx\/store\/index.php\/product-category\/hamburguesas\/","og_locale":"es_ES","og_type":"article","og_title":"Hamburguesa Junior de Flash Burguer","og_description":"\u00a1La hamburguesa perfecta para los m\u00e1s peque\u00f1os de la casa! La Hamburguesa Junior de Flash Burguer es la opci\u00f3n ideal para los ni\u00f1os.","og_url":"https:\/\/flashburguer.com.mx\/store\/index.php\/product-category\/hamburguesas\/","og_site_name":"Flash Burguer","article_publisher":"https:\/\/www.facebook.com\/flash.burguer","article_modified_time":"2024-12-15T17:14:44+00:00","og_image":[{"width":1080,"height":1080,"url":"https:\/\/flashburguer.com.mx\/store\/wp-content\/uploads\/2020\/10\/hamburguesa-junior.jpg","type":"image\/jpeg"}],"twitter_card":"summary_large_image","twitter_misc":{"Tiempo de lectura":"1 minuto"},"schema":{"@context":"https:\/\/schema.org","@graph":[{"@type":"WebPage","@id":"https:\/\/flashburguer.com.mx\/store\/index.php\/producto\/hamburguesa-junior-de-flash-burguer\/","url":"https:\/\/flashburguer.com.mx\/store\/index.php\/product-category\/hamburguesas\/","name":"Hamburguesa Junior de Flash Burguer","isPartOf":{"@id":"https:\/\/flashburguer.com.mx\/store\/#website"},"primaryImageOfPage":{"@id":"https:\/\/flashburguer.com.mx\/store\/index.php\/product-category\/hamburguesas\/#primaryimage"},"image":{"@id":"https:\/\/flashburguer.com.mx\/store\/index.php\/product-category\/hamburguesas\/#primaryimage"},"thumbnailUrl":"https:\/\/flashburguer.com.mx\/store\/wp-content\/uploads\/2020\/10\/hamburguesa-junior.jpg","datePublished":"2020-10-24T23:57:26+00:00","dateModified":"2024-12-15T17:14:44+00:00","description":"\u00a1La hamburguesa perfecta para los m\u00e1s peque\u00f1os de la casa! La Hamburguesa Junior de Flash Burguer es la opci\u00f3n ideal para los ni\u00f1os.","breadcrumb":{"@id":"https:\/\/flashburguer.com.mx\/store\/index.php\/product-category\/hamburguesas\/#breadcrumb"},"inLanguage":"es","potentialAction":[{"@type":"ReadAction","target":["https:\/\/flashburguer.com.mx\/store\/index.php\/product-category\/hamburguesas\/"]}]},{"@type":"ImageObject","inLanguage":"es","@id":"https:\/\/flashburguer.com.mx\/store\/index.php\/product-category\/hamburguesas\/#primaryimage","url":"https:\/\/flashburguer.com.mx\/store\/wp-content\/uploads\/2020\/10\/hamburguesa-junior.jpg","contentUrl":"https:\/\/flashburguer.com.mx\/store\/wp-content\/uploads\/2020\/10\/hamburguesa-junior.jpg","width":1080,"height":1080,"caption":"Hamburguesa Junior de Flash Burguer"},{"@type":"BreadcrumbList","@id":"https:\/\/flashburguer.com.mx\/store\/index.php\/product-category\/hamburguesas\/#breadcrumb","itemListElement":[{"@type":"ListItem","position":1,"name":"Home","item":"https:\/\/flashburguer.com.mx\/store\/"},{"@type":"ListItem","position":2,"name":"Hamburguesas Tortas Alitas y Boneless","item":"https:\/\/flashburguer.com.mx\/store\/"},{"@type":"ListItem","position":3,"name":"Hamburguesa Junior de Flash Burguer"}]},{"@type":"WebSite","@id":"https:\/\/flashburguer.com.mx\/store\/#website","url":"https:\/\/flashburguer.com.mx\/store\/","name":"Flash Burger","description":"Hamburguesas en Los Mochis Sinaloa","publisher":{"@id":"https:\/\/flashburguer.com.mx\/store\/#organization"},"potentialAction":[{"@type":"SearchAction","target":{"@type":"EntryPoint","urlTemplate":"https:\/\/flashburguer.com.mx\/store\/?s={search_term_string}"},"query-input":"required name=search_term_string"}],"inLanguage":"es"},{"@type":"Organization","@id":"https:\/\/flashburguer.com.mx\/store\/#organization","name":"Flashburguer","url":"https:\/\/flashburguer.com.mx\/store\/","logo":{"@type":"ImageObject","inLanguage":"es","@id":"https:\/\/flashburguer.com.mx\/store\/#\/schema\/logo\/image\/","url":"https:\/\/flashburguer.com.mx\/store\/wp-content\/uploads\/2022\/06\/icon-512x512-1.png","contentUrl":"https:\/\/flashburguer.com.mx\/store\/wp-content\/uploads\/2022\/06\/icon-512x512-1.png","width":512,"height":512,"caption":"Flashburguer"},"image":{"@id":"https:\/\/flashburguer.com.mx\/store\/#\/schema\/logo\/image\/"},"sameAs":["https:\/\/www.facebook.com\/flash.burguer","https:\/\/instagram.com\/flashburguerlm"]}]}},"jetpack_sharing_enabled":true,"_links":{"self":[{"href":"https:\/\/flashburguer.com.mx\/store\/index.php\/wp-json\/wp\/v2\/product\/80"}],"collection":[{"href":"https:\/\/flashburguer.com.mx\/store\/index.php\/wp-json\/wp\/v2\/product"}],"about":[{"href":"https:\/\/flashburguer.com.mx\/store\/index.php\/wp-json\/wp\/v2\/types\/product"}],"wp:featuredmedia":[{"embeddable":true,"href":"https:\/\/flashburguer.com.mx\/store\/index.php\/wp-json\/wp\/v2\/media\/3022"}],"wp:attachment":[{"href":"https:\/\/flashburguer.com.mx\/store\/index.php\/wp-json\/wp\/v2\/media?parent=80"}],"wp:term":[{"taxonomy":"product_cat","embeddable":true,"href":"https:\/\/flashburguer.com.mx\/store\/index.php\/wp-json\/wp\/v2\/product_cat?post=80"},{"taxonomy":"product_tag","embeddable":true,"href":"https:\/\/flashburguer.com.mx\/store\/index.php\/wp-json\/wp\/v2\/product_tag?post=80"}],"curies":[{"name":"wp","href":"https:\/\/api.w.org\/{rel}","templated":true}]}}