{"id":79,"date":"2020-10-24T17:42:06","date_gmt":"2020-10-24T23:42:06","guid":{"rendered":"https:\/\/flashburguer.com.mx\/store\/?post_type=product&#038;p=79"},"modified":"2024-09-25T12:19:23","modified_gmt":"2024-09-25T19:19:23","slug":"hamburguesa-de-carne-asada-de-flash-burguer","status":"publish","type":"product","link":"https:\/\/flashburguer.com.mx\/store\/index.php\/producto\/hamburguesa-de-carne-asada-de-flash-burguer\/","title":{"rendered":"Hamburguesa de Carne Asada de Flash Burguer"},"content":{"rendered":"<p data-sourcepos=\"5:1-5:61\"><strong>Saborea la exquisitez: Hamburguesa de Carne Asada Gourmet<\/strong><\/p>\n<p data-sourcepos=\"9:1-9:281\">Prep\u00e1rate para una experiencia culinaria fuera de lo com\u00fan. La Hamburguesa de Carne Asada Gourmet de Flashburguer es una oda al sabor, donde la carne de res de la m\u00e1s alta calidad se fusiona con ingredientes frescos y selectos para crear una explosi\u00f3n de sensaciones en tu paladar.<\/p>\n<p data-sourcepos=\"11:1-11:20\"><strong>Caracter\u00edsticas:<\/strong><\/p>\n<ul data-sourcepos=\"13:1-19:0\">\n<li data-sourcepos=\"13:1-13:143\"><strong>Carne de res 100% Angus:<\/strong> Disfruta de una carne jugosa y de incomparable sabor, cocinada a la perfecci\u00f3n para resaltar su exquisito sabor.<\/li>\n<li data-sourcepos=\"15:1-15:108\"><strong>Queso Gouda:<\/strong> Un queso cremoso y de sabor intenso que complementa a la perfecci\u00f3n la carne y el tocino.<\/li>\n<li data-sourcepos=\"16:1-16:104\"><strong>Cebollas caramelizadas:<\/strong> La dulzura caramelizada de las cebollas aporta un toque \u00fanico y delicioso.<\/li>\n<li data-sourcepos=\"17:1-17:94\"><strong>Lechuga, tomate y pepinillos:<\/strong> Frescura y sabor crujiente para equilibrar la experiencia.<\/li>\n<\/ul>\n<p data-sourcepos=\"20:1-20:15\"><strong>Beneficios:<\/strong><\/p>\n<ul data-sourcepos=\"22:1-26:0\">\n<li data-sourcepos=\"22:1-22:197\"><strong>Una experiencia gourmet a tu alcance:<\/strong> No necesitas ir a un restaurante elegante para disfrutar de una hamburguesa de alta calidad. Flashburguer la pone a tu disposici\u00f3n a un precio accesible.<\/li>\n<li data-sourcepos=\"23:1-23:169\"><strong>Ingredientes frescos y de la m\u00e1s alta calidad:<\/strong> Nos preocupamos por ofrecerte la mejor experiencia, por eso utilizamos solo ingredientes frescos y de primera l\u00ednea.<\/li>\n<li data-sourcepos=\"24:1-24:112\"><strong>Un sabor que te sorprender\u00e1:<\/strong> Prep\u00e1rate para descubrir una explosi\u00f3n de sabores que te dejar\u00e1 sin palabras.<\/li>\n<li data-sourcepos=\"25:1-26:0\"><strong>Perfecta para compartir:<\/strong> Una hamburguesa tan deliciosa que querr\u00e1s compartirla con tus amigos o familiares.<\/li>\n<\/ul>\n<p data-sourcepos=\"29:1-29:126\"><strong>\u00a1No te quedes sin probarla! Pide tu Hamburguesa de Carne Asada Gourmet ahora mismo o vis\u00edtanos en sucursal.<\/strong><\/p>\n<p data-sourcepos=\"5:1-5:31\">Disfrutala con tu\u00a0<a href=\"https:\/\/flashburguer.com.mx\/store\/index.php\/product-category\/bebidas\/\">bebida<\/a>\u00a0favorita, agrega al carrito la de tu preferencia.<\/p>\n<p data-sourcepos=\"5:1-5:31\">Y no olvides regalarnos una rese\u00f1a en\u00a0<a href=\"https:\/\/g.page\/r\/CSf82tLynCuHEB0\/review\">google<\/a>.<\/p>\n","protected":false},"excerpt":{"rendered":"<p>Saborea la exquisitez: Hamburguesa de Carne Asada Gourmet<\/p>\n","protected":false},"featured_media":3024,"template":"","meta":{"_joinchat":[]},"product_cat":[21],"product_tag":[35,19,55,53,33,57,54,56,34],"class_list":{"0":"post-79","1":"product","2":"type-product","3":"status-publish","4":"has-post-thumbnail","6":"product_cat-hamburguesas","7":"product_tag-flash-burger","8":"product_tag-flash-burguer","9":"product_tag-hamburguesas-a-domicilio-cerca-de-mi","10":"product_tag-hamburguesas-a-domicilio-los-mochis","11":"product_tag-hamburguesas-en-los-mochis-sinaloa","12":"product_tag-hamburguesas-flash-burger-javier-mina","13":"product_tag-hamburguesas-la-choza-los-mochis","14":"product_tag-hamburguesas-la-esquina-los-mochis","15":"product_tag-promocion-de-hamburguesas","17":"first","18":"instock","19":"shipping-taxable","20":"purchasable","21":"product-type-simple"},"yoast_head":"<!-- This site is optimized with the Yoast SEO plugin v23.1 - https:\/\/yoast.com\/wordpress\/plugins\/seo\/ -->\n<title>Hamburguesa de Carne Asada de Flash Burguer<\/title>\n<meta name=\"description\" content=\"Hamburguesa de Carne Asada de Flash Burguer, donde la carne de res de la m\u00e1s alta calidad se fusiona con ingredientes frescos gourmet.\" \/>\n<meta name=\"robots\" content=\"index, follow, max-snippet:-1, max-image-preview:large, max-video-preview:-1\" \/>\n<link rel=\"canonical\" href=\"https:\/\/flashburguer.com.mx\/store\/index.php\/product-category\/hamburguesas\/\" \/>\n<meta property=\"og:locale\" content=\"es_ES\" \/>\n<meta property=\"og:type\" content=\"article\" \/>\n<meta property=\"og:title\" content=\"Hamburguesa de Carne Asada de Flash Burguer\" \/>\n<meta property=\"og:description\" content=\"Hamburguesa de Carne Asada de Flash Burguer, donde la carne de res de la m\u00e1s alta calidad se fusiona con ingredientes frescos gourmet.\" \/>\n<meta property=\"og:url\" content=\"https:\/\/flashburguer.com.mx\/store\/index.php\/product-category\/hamburguesas\/\" \/>\n<meta property=\"og:site_name\" content=\"Flash Burguer\" \/>\n<meta property=\"article:publisher\" content=\"https:\/\/www.facebook.com\/flash.burguer\" \/>\n<meta property=\"article:modified_time\" content=\"2024-09-25T19:19:23+00:00\" \/>\n<meta property=\"og:image\" content=\"https:\/\/flashburguer.com.mx\/store\/wp-content\/uploads\/2020\/10\/hamburguesa-carne-asada.jpg\" \/>\n\t<meta property=\"og:image:width\" content=\"1080\" \/>\n\t<meta property=\"og:image:height\" content=\"1080\" \/>\n\t<meta property=\"og:image:type\" content=\"image\/jpeg\" \/>\n<meta name=\"twitter:card\" content=\"summary_large_image\" \/>\n<meta name=\"twitter:label1\" content=\"Tiempo de lectura\" \/>\n\t<meta name=\"twitter:data1\" content=\"2 minutos\" \/>\n<script type=\"application\/ld+json\" class=\"yoast-schema-graph\">{\"@context\":\"https:\/\/schema.org\",\"@graph\":[{\"@type\":\"WebPage\",\"@id\":\"https:\/\/flashburguer.com.mx\/store\/index.php\/producto\/hamburguesa-de-carne-asada-de-flash-burguer\/\",\"url\":\"https:\/\/flashburguer.com.mx\/store\/index.php\/product-category\/hamburguesas\/\",\"name\":\"Hamburguesa de Carne Asada de Flash Burguer\",\"isPartOf\":{\"@id\":\"https:\/\/flashburguer.com.mx\/store\/#website\"},\"primaryImageOfPage\":{\"@id\":\"https:\/\/flashburguer.com.mx\/store\/index.php\/product-category\/hamburguesas\/#primaryimage\"},\"image\":{\"@id\":\"https:\/\/flashburguer.com.mx\/store\/index.php\/product-category\/hamburguesas\/#primaryimage\"},\"thumbnailUrl\":\"https:\/\/flashburguer.com.mx\/store\/wp-content\/uploads\/2020\/10\/hamburguesa-carne-asada.jpg\",\"datePublished\":\"2020-10-24T23:42:06+00:00\",\"dateModified\":\"2024-09-25T19:19:23+00:00\",\"description\":\"Hamburguesa de Carne Asada de Flash Burguer, donde la carne de res de la m\u00e1s alta calidad se fusiona con ingredientes frescos gourmet.\",\"breadcrumb\":{\"@id\":\"https:\/\/flashburguer.com.mx\/store\/index.php\/product-category\/hamburguesas\/#breadcrumb\"},\"inLanguage\":\"es\",\"potentialAction\":[{\"@type\":\"ReadAction\",\"target\":[\"https:\/\/flashburguer.com.mx\/store\/index.php\/product-category\/hamburguesas\/\"]}]},{\"@type\":\"ImageObject\",\"inLanguage\":\"es\",\"@id\":\"https:\/\/flashburguer.com.mx\/store\/index.php\/product-category\/hamburguesas\/#primaryimage\",\"url\":\"https:\/\/flashburguer.com.mx\/store\/wp-content\/uploads\/2020\/10\/hamburguesa-carne-asada.jpg\",\"contentUrl\":\"https:\/\/flashburguer.com.mx\/store\/wp-content\/uploads\/2020\/10\/hamburguesa-carne-asada.jpg\",\"width\":1080,\"height\":1080,\"caption\":\"Hamburguesa de carne asada de flash burguer\"},{\"@type\":\"BreadcrumbList\",\"@id\":\"https:\/\/flashburguer.com.mx\/store\/index.php\/product-category\/hamburguesas\/#breadcrumb\",\"itemListElement\":[{\"@type\":\"ListItem\",\"position\":1,\"name\":\"Home\",\"item\":\"https:\/\/flashburguer.com.mx\/store\/\"},{\"@type\":\"ListItem\",\"position\":2,\"name\":\"Hamburguesas Tortas Alitas y Boneless\",\"item\":\"https:\/\/flashburguer.com.mx\/store\/\"},{\"@type\":\"ListItem\",\"position\":3,\"name\":\"Hamburguesa de Carne Asada de Flash Burguer\"}]},{\"@type\":\"WebSite\",\"@id\":\"https:\/\/flashburguer.com.mx\/store\/#website\",\"url\":\"https:\/\/flashburguer.com.mx\/store\/\",\"name\":\"Flash Burger\",\"description\":\"Hamburguesas en Los Mochis Sinaloa\",\"publisher\":{\"@id\":\"https:\/\/flashburguer.com.mx\/store\/#organization\"},\"potentialAction\":[{\"@type\":\"SearchAction\",\"target\":{\"@type\":\"EntryPoint\",\"urlTemplate\":\"https:\/\/flashburguer.com.mx\/store\/?s={search_term_string}\"},\"query-input\":\"required name=search_term_string\"}],\"inLanguage\":\"es\"},{\"@type\":\"Organization\",\"@id\":\"https:\/\/flashburguer.com.mx\/store\/#organization\",\"name\":\"Flashburguer\",\"url\":\"https:\/\/flashburguer.com.mx\/store\/\",\"logo\":{\"@type\":\"ImageObject\",\"inLanguage\":\"es\",\"@id\":\"https:\/\/flashburguer.com.mx\/store\/#\/schema\/logo\/image\/\",\"url\":\"https:\/\/flashburguer.com.mx\/store\/wp-content\/uploads\/2022\/06\/icon-512x512-1.png\",\"contentUrl\":\"https:\/\/flashburguer.com.mx\/store\/wp-content\/uploads\/2022\/06\/icon-512x512-1.png\",\"width\":512,\"height\":512,\"caption\":\"Flashburguer\"},\"image\":{\"@id\":\"https:\/\/flashburguer.com.mx\/store\/#\/schema\/logo\/image\/\"},\"sameAs\":[\"https:\/\/www.facebook.com\/flash.burguer\",\"https:\/\/instagram.com\/flashburguerlm\"]}]}<\/script>\n<!-- \/ Yoast SEO plugin. -->","yoast_head_json":{"title":"Hamburguesa de Carne Asada de Flash Burguer","description":"Hamburguesa de Carne Asada de Flash Burguer, donde la carne de res de la m\u00e1s alta calidad se fusiona con ingredientes frescos gourmet.","robots":{"index":"index","follow":"follow","max-snippet":"max-snippet:-1","max-image-preview":"max-image-preview:large","max-video-preview":"max-video-preview:-1"},"canonical":"https:\/\/flashburguer.com.mx\/store\/index.php\/product-category\/hamburguesas\/","og_locale":"es_ES","og_type":"article","og_title":"Hamburguesa de Carne Asada de Flash Burguer","og_description":"Hamburguesa de Carne Asada de Flash Burguer, donde la carne de res de la m\u00e1s alta calidad se fusiona con ingredientes frescos gourmet.","og_url":"https:\/\/flashburguer.com.mx\/store\/index.php\/product-category\/hamburguesas\/","og_site_name":"Flash Burguer","article_publisher":"https:\/\/www.facebook.com\/flash.burguer","article_modified_time":"2024-09-25T19:19:23+00:00","og_image":[{"width":1080,"height":1080,"url":"https:\/\/flashburguer.com.mx\/store\/wp-content\/uploads\/2020\/10\/hamburguesa-carne-asada.jpg","type":"image\/jpeg"}],"twitter_card":"summary_large_image","twitter_misc":{"Tiempo de lectura":"2 minutos"},"schema":{"@context":"https:\/\/schema.org","@graph":[{"@type":"WebPage","@id":"https:\/\/flashburguer.com.mx\/store\/index.php\/producto\/hamburguesa-de-carne-asada-de-flash-burguer\/","url":"https:\/\/flashburguer.com.mx\/store\/index.php\/product-category\/hamburguesas\/","name":"Hamburguesa de Carne Asada de Flash Burguer","isPartOf":{"@id":"https:\/\/flashburguer.com.mx\/store\/#website"},"primaryImageOfPage":{"@id":"https:\/\/flashburguer.com.mx\/store\/index.php\/product-category\/hamburguesas\/#primaryimage"},"image":{"@id":"https:\/\/flashburguer.com.mx\/store\/index.php\/product-category\/hamburguesas\/#primaryimage"},"thumbnailUrl":"https:\/\/flashburguer.com.mx\/store\/wp-content\/uploads\/2020\/10\/hamburguesa-carne-asada.jpg","datePublished":"2020-10-24T23:42:06+00:00","dateModified":"2024-09-25T19:19:23+00:00","description":"Hamburguesa de Carne Asada de Flash Burguer, donde la carne de res de la m\u00e1s alta calidad se fusiona con ingredientes frescos gourmet.","breadcrumb":{"@id":"https:\/\/flashburguer.com.mx\/store\/index.php\/product-category\/hamburguesas\/#breadcrumb"},"inLanguage":"es","potentialAction":[{"@type":"ReadAction","target":["https:\/\/flashburguer.com.mx\/store\/index.php\/product-category\/hamburguesas\/"]}]},{"@type":"ImageObject","inLanguage":"es","@id":"https:\/\/flashburguer.com.mx\/store\/index.php\/product-category\/hamburguesas\/#primaryimage","url":"https:\/\/flashburguer.com.mx\/store\/wp-content\/uploads\/2020\/10\/hamburguesa-carne-asada.jpg","contentUrl":"https:\/\/flashburguer.com.mx\/store\/wp-content\/uploads\/2020\/10\/hamburguesa-carne-asada.jpg","width":1080,"height":1080,"caption":"Hamburguesa de carne asada de flash burguer"},{"@type":"BreadcrumbList","@id":"https:\/\/flashburguer.com.mx\/store\/index.php\/product-category\/hamburguesas\/#breadcrumb","itemListElement":[{"@type":"ListItem","position":1,"name":"Home","item":"https:\/\/flashburguer.com.mx\/store\/"},{"@type":"ListItem","position":2,"name":"Hamburguesas Tortas Alitas y Boneless","item":"https:\/\/flashburguer.com.mx\/store\/"},{"@type":"ListItem","position":3,"name":"Hamburguesa de Carne Asada de Flash Burguer"}]},{"@type":"WebSite","@id":"https:\/\/flashburguer.com.mx\/store\/#website","url":"https:\/\/flashburguer.com.mx\/store\/","name":"Flash Burger","description":"Hamburguesas en Los Mochis Sinaloa","publisher":{"@id":"https:\/\/flashburguer.com.mx\/store\/#organization"},"potentialAction":[{"@type":"SearchAction","target":{"@type":"EntryPoint","urlTemplate":"https:\/\/flashburguer.com.mx\/store\/?s={search_term_string}"},"query-input":"required name=search_term_string"}],"inLanguage":"es"},{"@type":"Organization","@id":"https:\/\/flashburguer.com.mx\/store\/#organization","name":"Flashburguer","url":"https:\/\/flashburguer.com.mx\/store\/","logo":{"@type":"ImageObject","inLanguage":"es","@id":"https:\/\/flashburguer.com.mx\/store\/#\/schema\/logo\/image\/","url":"https:\/\/flashburguer.com.mx\/store\/wp-content\/uploads\/2022\/06\/icon-512x512-1.png","contentUrl":"https:\/\/flashburguer.com.mx\/store\/wp-content\/uploads\/2022\/06\/icon-512x512-1.png","width":512,"height":512,"caption":"Flashburguer"},"image":{"@id":"https:\/\/flashburguer.com.mx\/store\/#\/schema\/logo\/image\/"},"sameAs":["https:\/\/www.facebook.com\/flash.burguer","https:\/\/instagram.com\/flashburguerlm"]}]}},"jetpack_sharing_enabled":true,"_links":{"self":[{"href":"https:\/\/flashburguer.com.mx\/store\/index.php\/wp-json\/wp\/v2\/product\/79"}],"collection":[{"href":"https:\/\/flashburguer.com.mx\/store\/index.php\/wp-json\/wp\/v2\/product"}],"about":[{"href":"https:\/\/flashburguer.com.mx\/store\/index.php\/wp-json\/wp\/v2\/types\/product"}],"wp:featuredmedia":[{"embeddable":true,"href":"https:\/\/flashburguer.com.mx\/store\/index.php\/wp-json\/wp\/v2\/media\/3024"}],"wp:attachment":[{"href":"https:\/\/flashburguer.com.mx\/store\/index.php\/wp-json\/wp\/v2\/media?parent=79"}],"wp:term":[{"taxonomy":"product_cat","embeddable":true,"href":"https:\/\/flashburguer.com.mx\/store\/index.php\/wp-json\/wp\/v2\/product_cat?post=79"},{"taxonomy":"product_tag","embeddable":true,"href":"https:\/\/flashburguer.com.mx\/store\/index.php\/wp-json\/wp\/v2\/product_tag?post=79"}],"curies":[{"name":"wp","href":"https:\/\/api.w.org\/{rel}","templated":true}]}}