{"id":3,"date":"2020-10-22T05:36:45","date_gmt":"2020-10-22T05:36:45","guid":{"rendered":"https:\/\/flashburguer.com.mx\/store\/?page_id=3"},"modified":"2021-09-05T17:26:28","modified_gmt":"2021-09-05T23:26:28","slug":"privacy-policy","status":"publish","type":"page","link":"https:\/\/flashburguer.com.mx\/store\/index.php\/privacy-policy\/","title":{"rendered":"Aviso de privacidad"},"content":{"rendered":"<p>&nbsp;<\/p>\n<p><strong><em>FLASH BURGUER, S.A. de C.V<\/em><\/strong>., considera a sus clientes muy importantes, es por ello que, en cumplimiento a la Ley Federal de Protecci\u00f3n de Datos Personales en Posesi\u00f3n de Particulares, aplicamos las medidas necesarias para proteger su informaci\u00f3n y datos personales. Por lo anterior, su privacidad est\u00e1 en buenas manos, la informaci\u00f3n que usted voluntariamente nos proporciona como nuestro cliente, estar\u00e1 protegida mediante el mantenimiento de protecciones f\u00edsicas, electr\u00f3nicas y de procedimiento, capacitando a nuestros empleados en el manejo adecuado de su informaci\u00f3n personal, a fin de impedir que terceros no autorizados tengan acceso a ella, y los mismos ser\u00e1n tratados de manera confidencial a trav\u00e9s de los sistemas provistos para tales efectos.<\/p>\n<p>&nbsp;<\/p>\n<p>Ahora bien, en cumplimiento a lo previsto en la Ley Federal de Protecci\u00f3n de Datos Personales en Posesi\u00f3n de los Particulares (en lo sucesivo \u201cLa Ley\u201d), nos permitimos informarle lo siguiente: <strong><em>FLASH BURGUER, S.A. de C.V<\/em><\/strong>., se\u00f1ala para efectos del presente Aviso de Privacidad, el domicilio ubicado en <strong><em>Ignacio Ram\u00edrez Ote. 118, Col. Centro, C.p. 81200, Los Mochis, Ahome, Sinaloa, M\u00e9xico<\/em><\/strong> M\u00e9xico, y ser\u00e1 el responsable de los Datos Personales que le sean proporcionados por las personas f\u00edsicas y morales a quien correspondan dichos datos (en lo sucesivo \u201cEl Titular\u201d). El manejo de los Datos Personales del Titular que se ha puesto a disposici\u00f3n de <strong><em>FLASH BURGUER, S.A. de C.V<\/em><\/strong>., podr\u00e1 ser efectuado de conformidad con los presentes t\u00e9rminos y condiciones, por lo que desde este momento se entiende que el Titular otorga su consentimiento para dicho manejo. En caso de no estar de acuerdo en proporcionar sus Datos Personales, atentamente le solicitamos nos lo haga saber, ya que Usted o su representante legal debidamente acreditado podr\u00e1n limitar el uso o divulgaci\u00f3n de sus datos personales; asimismo, podr\u00e1 ejercer, cuando procedan, los derechos de acceso, rectificaci\u00f3n, cancelaci\u00f3n u oposici\u00f3n que la Ley prev\u00e9 mediante solicitud presentada en el domicilio arriba se\u00f1alado; es importante mencionar que el ejercicio de cualquiera de dichos derechos no es requisito previo ni impide el ejercicio de otro derecho.<\/p>\n<p>&nbsp;<\/p>\n<p>El Titular de los Datos Personales garantiza que los mismos no ser\u00e1n falsos y que har\u00e1 del conocimiento del <strong><em>FLASH BURGUER, S.A. de C.V<\/em><\/strong>. cualquier modificaci\u00f3n que llegue a sufrir los mismos, para mantener actualizada la informaci\u00f3n. La informaci\u00f3n de Datos Personales que es recolectada por Restaurante <em>FLASH BURGUER, S.A. de C.V<\/em>. de manera directa del Titular con su pleno consentimiento, tendr\u00e1 el uso que de manera enunciativa pero no limitativa se describe a continuaci\u00f3n:<\/p>\n<p>a).- Comunicarle y contactarle.<\/p>\n<p>b).- Enviarle informaci\u00f3n.<\/p>\n<p>c).- Fines estad\u00edsticos, as\u00ed como su transmisi\u00f3n a terceros por cualquier medio que permita la Ley.<\/p>\n<p>&nbsp;<\/p>\n<p>El uso de los Datos Personales tendr\u00e1 relaci\u00f3n directa con la relaci\u00f3n que Usted tiene con <strong><em>FLASH BURGUER, S.A. de C.V<\/em><\/strong>. en su car\u00e1cter de consumidor. La temporalidad del manejo de los Datos Personales del Titular, depender\u00e1 de la relaci\u00f3n jur\u00eddica que se tenga celebrada <strong><em>FLASH BURGUER, S.A. de C.V<\/em><\/strong>., as\u00ed como de las obligaciones exigidas por la legislaci\u00f3n vigente y las autoridades competentes. En todos los casos la informaci\u00f3n ser\u00e1 guardada s\u00f3lo por el tiempo razonable. La informaci\u00f3n que sea entregada a <strong><em>FLASH BURGUER, S.A. de C.V<\/em><\/strong>. ser\u00e1 debidamente resguardada, conservada y protegida, con los medios tecnol\u00f3gicos y f\u00edsicos adecuados a efecto de que se impida su p\u00e9rdida, mal uso, alteraci\u00f3n, acceso no autorizado y robo. S\u00f3lo tendr\u00e1n acceso a la informaci\u00f3n aquellas personas autorizadas por <strong><em>FLASH BURGUER, S.A. de C.V<\/em><\/strong>., quienes han asumido el compromiso de mantener la informaci\u00f3n bajo un estricto orden de confidencialidad y seguridad.<\/p>\n<p>&nbsp;<\/p>\n<p>En caso de que los Datos Personales resguardados sean requeridos por una autoridad de cualquier \u00edndole, estos Datos Personales se podr\u00e1n a su disposici\u00f3n dentro del estricto cumplimiento a la Ley. Los Titulares de los Datos Personales tendr\u00e1n derecho a solicitar el acceso, rectificaci\u00f3n, cancelaci\u00f3n u oposici\u00f3n de sus datos, mediante solicitud escrita dirigida gen\u00e9ricamente a <strong><em>FLASH BURGUER, S.A. de C.V<\/em><\/strong>. en el domicilio <strong><em>Ignacio Ram\u00edrez Ote. 118, Col. Centro, C.p. 81200, Los Mochis, Ahome, Sinaloa, M\u00e9xico<\/em><\/strong>; de las 9:00 a las 16:00 horas, en d\u00edas h\u00e1biles, as\u00ed como mediante solicitud formulada a nuestro correo electr\u00f3nico: <strong><em>contacto@flashburguer.com.mx<\/em><\/strong> debiendo contar con acuse de recibo.<\/p>\n<p>&nbsp;<\/p>\n<p><strong><em>FLASH BURGUER, S.A. de C.V<\/em><\/strong>., dar\u00e1 respuesta a las solicitudes del Titular de la informaci\u00f3n, siempre y cuando el solicitante cumpla con los requisitos contenidos en el art\u00edculo 29 de la Ley que se describen a continuaci\u00f3n:<\/p>\n<p>I.-Se\u00f1alar el nombre del Titular y domicilio u otro medio para comunicarle la respuesta a su solicitud;<\/p>\n<p>II.-Adjuntar los documentos que acrediten la identidad o, en su caso, la representaci\u00f3n legal del Titular;<\/p>\n<p>III.-La descripci\u00f3n clara y precisa de los Datos Personales respecto de los que se busca ejercer alguno de los derechos antes mencionados.<\/p>\n<p>IV.-Cualquier otro elemento o documento que facilite la localizaci\u00f3n de los Datos Personales, es decir, a qu\u00e9 empresa del grupo fueron proporcionados, la persona a qui\u00e9n fueron proporcionados o \u00e1rea de la empresa a la que pertenece la persona a la que se proporcionaron los datos.<\/p>\n<p>&nbsp;<\/p>\n<p>En caso de que los Datos del Titular sean transferidos a cualquier tercero, salvo en el caso que sean transferidos a alguna autoridad por ministerio de Ley o requerimiento, o con motivo del cumplimiento de la relaci\u00f3n jur\u00eddica celebrada con el Titular y <strong><em>FLASH BURGUER, S.A. de C.V<\/em><\/strong>., le ser\u00e1 notificado al Titular por cualquier medio, ya sea escrito, telef\u00f3nico, electr\u00f3nico o cualquier otro que la tecnolog\u00eda permita ahora o en lo futuro. En el supuesto de que <strong><em>FLASH BURGUER, S.A. de C.V<\/em><\/strong>. requiera usar sus Datos Personales con fines distintos, se notificar\u00e1 al Titular en forma escrita, telef\u00f3nica, electr\u00f3nica, o por cualquier medio que la tecnolog\u00eda permita ahora o en lo futuro y explicar\u00e1 los nuevos usos que pretenda darle a dicha informaci\u00f3n a fin de recabar su autorizaci\u00f3n. Con el presente Aviso de Privacidad, los Titulares de la informaci\u00f3n quedan debidamente informados de los datos que se recabaron de ellos y con qu\u00e9 fines, aceptando los t\u00e9rminos contenidos que fueron elaborados en cumplimiento a la Ley Federal de Protecci\u00f3n de Datos Personales en Posesi\u00f3n de los Particulares.<\/p>\n<p>&nbsp;<\/p>\n<p><strong><em>FLASH BURGUER, S.A. de C.V<\/em><\/strong>., se reserva el derecho a modificar la presente pol\u00edtica para adaptarla a novedades legislativas o jurisprudenciales as\u00ed como a pr\u00e1cticas de la industria. En dichos supuestos, se anunciar\u00e1 en esta p\u00e1gina los cambios introducidos con razonable antelaci\u00f3n a su puesta en pr\u00e1ctica. Asimismo, el Titular acepta que toda la informaci\u00f3n agregada por \u00e9l o que a su vez se obtenga mediante su acceso a <strong><em>https:\/\/flashburguer.com.mx\/<\/em><\/strong> ser\u00e1 susceptible de compilarse y fijarse en una base de datos, misma que ser\u00e1 propiedad de Restaurante <strong><em>FLASH BURGUER, S.A. de C.V<\/em><\/strong>. El Titular acepta que mediante la inserci\u00f3n de su informaci\u00f3n en www.elasador.com.mx otorga su consentimiento expreso referido en el art\u00edculo 76 bis de la Ley Federal de Protecci\u00f3n al Consumidor, a fin de que <strong><em>FLASH BURGUER, S.A. de C.V<\/em><\/strong>.\u00a0 pueda difundir y transmitir la informaci\u00f3n insertada en la Base de Datos a otros proveedores o autoridades competentes que as\u00ed lo requieran. De igual forma el Titular otorga su consentimiento expreso para a su vez recibir informaci\u00f3n con car\u00e1cter o para fines de mercadotecnia o publicitarios por parte de <strong><em>FLASH BURGUER, S.A. de C.V<\/em><\/strong>. \u00a0en t\u00e9rminos de los art\u00edculos 16, 18 y 18 bis de la Ley Federal de Protecci\u00f3n al Consumidor. <strong><em>FLASH BURGUER, S.A. de C.V<\/em><\/strong>. \u00a0Declara y el Titular acepta que <strong><em>FLASH BURGUER, S.A. de C.V<\/em><\/strong>. \u00a0No ser\u00e1 responsable ni ejerce de ninguna forma alg\u00fan tipo de control sobre los enlaces a p\u00e1ginas distintas, portales, etc\u00e9tera de terceras personas ajenas a <strong><em>FLASH BURGUER, S.A. de C.V<\/em><\/strong>. \u00a0Que pueda llegar a contener nuestra p\u00e1gina web <strong><em>https:\/\/flashburguer.com.mx\/.<\/em><\/strong><\/p>\n","protected":false},"excerpt":{"rendered":"<p>&nbsp; FLASH BURGUER, S.A. de C.V., considera a sus clientes muy importantes, es por ello que, en cumplimiento a la Ley Federal de Protecci\u00f3n de Datos Personales en Posesi\u00f3n de Particulares, aplicamos las medidas necesarias para proteger su informaci\u00f3n y datos personales. Por lo anterior, su privacidad est\u00e1 en buenas manos, la informaci\u00f3n que usted [&hellip;]<\/p>\n","protected":false},"author":1,"featured_media":0,"parent":0,"menu_order":0,"comment_status":"closed","ping_status":"closed","template":"","meta":{"_joinchat":[],"footnotes":""},"class_list":["post-3","page","type-page","status-publish","hentry"],"yoast_head":"<!-- This site is optimized with the Yoast SEO plugin v23.1 - https:\/\/yoast.com\/wordpress\/plugins\/seo\/ -->\n<title>Aviso de privacidad - Flash Burguer<\/title>\n<meta name=\"robots\" content=\"index, follow, max-snippet:-1, max-image-preview:large, max-video-preview:-1\" \/>\n<link rel=\"canonical\" href=\"https:\/\/flashburguer.com.mx\/store\/index.php\/privacy-policy\/\" \/>\n<meta property=\"og:locale\" content=\"es_ES\" \/>\n<meta property=\"og:type\" content=\"article\" \/>\n<meta property=\"og:title\" content=\"Aviso de privacidad - Flash Burguer\" \/>\n<meta property=\"og:description\" content=\"&nbsp; FLASH BURGUER, S.A. de C.V., considera a sus clientes muy importantes, es por ello que, en cumplimiento a la Ley Federal de Protecci\u00f3n de Datos Personales en Posesi\u00f3n de Particulares, aplicamos las medidas necesarias para proteger su informaci\u00f3n y datos personales. Por lo anterior, su privacidad est\u00e1 en buenas manos, la informaci\u00f3n que usted [&hellip;]\" \/>\n<meta property=\"og:url\" content=\"https:\/\/flashburguer.com.mx\/store\/index.php\/privacy-policy\/\" \/>\n<meta property=\"og:site_name\" content=\"Flash Burguer\" \/>\n<meta property=\"article:publisher\" content=\"https:\/\/www.facebook.com\/flash.burguer\" \/>\n<meta property=\"article:modified_time\" content=\"2021-09-05T23:26:28+00:00\" \/>\n<meta name=\"twitter:card\" content=\"summary_large_image\" \/>\n<meta name=\"twitter:label1\" content=\"Tiempo de lectura\" \/>\n\t<meta name=\"twitter:data1\" content=\"7 minutos\" \/>\n<script type=\"application\/ld+json\" class=\"yoast-schema-graph\">{\"@context\":\"https:\/\/schema.org\",\"@graph\":[{\"@type\":\"WebPage\",\"@id\":\"https:\/\/flashburguer.com.mx\/store\/index.php\/privacy-policy\/\",\"url\":\"https:\/\/flashburguer.com.mx\/store\/index.php\/privacy-policy\/\",\"name\":\"Aviso de privacidad - Flash Burguer\",\"isPartOf\":{\"@id\":\"https:\/\/flashburguer.com.mx\/store\/#website\"},\"datePublished\":\"2020-10-22T05:36:45+00:00\",\"dateModified\":\"2021-09-05T23:26:28+00:00\",\"breadcrumb\":{\"@id\":\"https:\/\/flashburguer.com.mx\/store\/index.php\/privacy-policy\/#breadcrumb\"},\"inLanguage\":\"es\",\"potentialAction\":[{\"@type\":\"ReadAction\",\"target\":[\"https:\/\/flashburguer.com.mx\/store\/index.php\/privacy-policy\/\"]}]},{\"@type\":\"BreadcrumbList\",\"@id\":\"https:\/\/flashburguer.com.mx\/store\/index.php\/privacy-policy\/#breadcrumb\",\"itemListElement\":[{\"@type\":\"ListItem\",\"position\":1,\"name\":\"Home\",\"item\":\"https:\/\/flashburguer.com.mx\/store\/\"},{\"@type\":\"ListItem\",\"position\":2,\"name\":\"Aviso de privacidad\"}]},{\"@type\":\"WebSite\",\"@id\":\"https:\/\/flashburguer.com.mx\/store\/#website\",\"url\":\"https:\/\/flashburguer.com.mx\/store\/\",\"name\":\"Flash Burger\",\"description\":\"Hamburguesas en Los Mochis Sinaloa\",\"publisher\":{\"@id\":\"https:\/\/flashburguer.com.mx\/store\/#organization\"},\"potentialAction\":[{\"@type\":\"SearchAction\",\"target\":{\"@type\":\"EntryPoint\",\"urlTemplate\":\"https:\/\/flashburguer.com.mx\/store\/?s={search_term_string}\"},\"query-input\":\"required name=search_term_string\"}],\"inLanguage\":\"es\"},{\"@type\":\"Organization\",\"@id\":\"https:\/\/flashburguer.com.mx\/store\/#organization\",\"name\":\"Flashburguer\",\"url\":\"https:\/\/flashburguer.com.mx\/store\/\",\"logo\":{\"@type\":\"ImageObject\",\"inLanguage\":\"es\",\"@id\":\"https:\/\/flashburguer.com.mx\/store\/#\/schema\/logo\/image\/\",\"url\":\"https:\/\/flashburguer.com.mx\/store\/wp-content\/uploads\/2022\/06\/icon-512x512-1.png\",\"contentUrl\":\"https:\/\/flashburguer.com.mx\/store\/wp-content\/uploads\/2022\/06\/icon-512x512-1.png\",\"width\":512,\"height\":512,\"caption\":\"Flashburguer\"},\"image\":{\"@id\":\"https:\/\/flashburguer.com.mx\/store\/#\/schema\/logo\/image\/\"},\"sameAs\":[\"https:\/\/www.facebook.com\/flash.burguer\",\"https:\/\/instagram.com\/flashburguerlm\"]}]}<\/script>\n<!-- \/ Yoast SEO plugin. -->","yoast_head_json":{"title":"Aviso de privacidad - Flash Burguer","robots":{"index":"index","follow":"follow","max-snippet":"max-snippet:-1","max-image-preview":"max-image-preview:large","max-video-preview":"max-video-preview:-1"},"canonical":"https:\/\/flashburguer.com.mx\/store\/index.php\/privacy-policy\/","og_locale":"es_ES","og_type":"article","og_title":"Aviso de privacidad - Flash Burguer","og_description":"&nbsp; FLASH BURGUER, S.A. de C.V., considera a sus clientes muy importantes, es por ello que, en cumplimiento a la Ley Federal de Protecci\u00f3n de Datos Personales en Posesi\u00f3n de Particulares, aplicamos las medidas necesarias para proteger su informaci\u00f3n y datos personales. Por lo anterior, su privacidad est\u00e1 en buenas manos, la informaci\u00f3n que usted [&hellip;]","og_url":"https:\/\/flashburguer.com.mx\/store\/index.php\/privacy-policy\/","og_site_name":"Flash Burguer","article_publisher":"https:\/\/www.facebook.com\/flash.burguer","article_modified_time":"2021-09-05T23:26:28+00:00","twitter_card":"summary_large_image","twitter_misc":{"Tiempo de lectura":"7 minutos"},"schema":{"@context":"https:\/\/schema.org","@graph":[{"@type":"WebPage","@id":"https:\/\/flashburguer.com.mx\/store\/index.php\/privacy-policy\/","url":"https:\/\/flashburguer.com.mx\/store\/index.php\/privacy-policy\/","name":"Aviso de privacidad - Flash Burguer","isPartOf":{"@id":"https:\/\/flashburguer.com.mx\/store\/#website"},"datePublished":"2020-10-22T05:36:45+00:00","dateModified":"2021-09-05T23:26:28+00:00","breadcrumb":{"@id":"https:\/\/flashburguer.com.mx\/store\/index.php\/privacy-policy\/#breadcrumb"},"inLanguage":"es","potentialAction":[{"@type":"ReadAction","target":["https:\/\/flashburguer.com.mx\/store\/index.php\/privacy-policy\/"]}]},{"@type":"BreadcrumbList","@id":"https:\/\/flashburguer.com.mx\/store\/index.php\/privacy-policy\/#breadcrumb","itemListElement":[{"@type":"ListItem","position":1,"name":"Home","item":"https:\/\/flashburguer.com.mx\/store\/"},{"@type":"ListItem","position":2,"name":"Aviso de privacidad"}]},{"@type":"WebSite","@id":"https:\/\/flashburguer.com.mx\/store\/#website","url":"https:\/\/flashburguer.com.mx\/store\/","name":"Flash Burger","description":"Hamburguesas en Los Mochis Sinaloa","publisher":{"@id":"https:\/\/flashburguer.com.mx\/store\/#organization"},"potentialAction":[{"@type":"SearchAction","target":{"@type":"EntryPoint","urlTemplate":"https:\/\/flashburguer.com.mx\/store\/?s={search_term_string}"},"query-input":"required name=search_term_string"}],"inLanguage":"es"},{"@type":"Organization","@id":"https:\/\/flashburguer.com.mx\/store\/#organization","name":"Flashburguer","url":"https:\/\/flashburguer.com.mx\/store\/","logo":{"@type":"ImageObject","inLanguage":"es","@id":"https:\/\/flashburguer.com.mx\/store\/#\/schema\/logo\/image\/","url":"https:\/\/flashburguer.com.mx\/store\/wp-content\/uploads\/2022\/06\/icon-512x512-1.png","contentUrl":"https:\/\/flashburguer.com.mx\/store\/wp-content\/uploads\/2022\/06\/icon-512x512-1.png","width":512,"height":512,"caption":"Flashburguer"},"image":{"@id":"https:\/\/flashburguer.com.mx\/store\/#\/schema\/logo\/image\/"},"sameAs":["https:\/\/www.facebook.com\/flash.burguer","https:\/\/instagram.com\/flashburguerlm"]}]}},"jetpack_sharing_enabled":true,"_links":{"self":[{"href":"https:\/\/flashburguer.com.mx\/store\/index.php\/wp-json\/wp\/v2\/pages\/3"}],"collection":[{"href":"https:\/\/flashburguer.com.mx\/store\/index.php\/wp-json\/wp\/v2\/pages"}],"about":[{"href":"https:\/\/flashburguer.com.mx\/store\/index.php\/wp-json\/wp\/v2\/types\/page"}],"author":[{"embeddable":true,"href":"https:\/\/flashburguer.com.mx\/store\/index.php\/wp-json\/wp\/v2\/users\/1"}],"replies":[{"embeddable":true,"href":"https:\/\/flashburguer.com.mx\/store\/index.php\/wp-json\/wp\/v2\/comments?post=3"}],"version-history":[{"count":2,"href":"https:\/\/flashburguer.com.mx\/store\/index.php\/wp-json\/wp\/v2\/pages\/3\/revisions"}],"predecessor-version":[{"id":438,"href":"https:\/\/flashburguer.com.mx\/store\/index.php\/wp-json\/wp\/v2\/pages\/3\/revisions\/438"}],"wp:attachment":[{"href":"https:\/\/flashburguer.com.mx\/store\/index.php\/wp-json\/wp\/v2\/media?parent=3"}],"curies":[{"name":"wp","href":"https:\/\/api.w.org\/{rel}","templated":true}]}}